{"id":72,"date":"2025-11-25T12:31:07","date_gmt":"2025-11-25T12:31:07","guid":{"rendered":"https:\/\/reciklarna.si\/?page_id=72"},"modified":"2025-12-15T17:37:22","modified_gmt":"2025-12-15T16:37:22","slug":"domov","status":"publish","type":"page","link":"https:\/\/reciklarna.si\/en\/","title":{"rendered":"Home"},"content":{"rendered":"<div data-elementor-type=\"wp-page\" data-elementor-id=\"72\" class=\"elementor elementor-72\" data-elementor-post-type=\"page\">\n\t\t\t\t<div class=\"elementor-element elementor-element-0e39286 monotone-noise e-flex e-con-boxed e-con e-parent\" data-id=\"0e39286\" data-element_type=\"container\" data-settings=\"{&quot;background_background&quot;:&quot;gradient&quot;}\">\n\t\t\t\t\t<div class=\"e-con-inner\">\n\t\t<div class=\"elementor-element elementor-element-d545c67 e-grid e-con-full e-con e-child\" data-id=\"d545c67\" data-element_type=\"container\">\n\t\t\t\t<div class=\"elementor-element elementor-element-02cf7ee elementor-widget elementor-widget-text-editor\" data-id=\"02cf7ee\" data-element_type=\"widget\" data-widget_type=\"text-editor.default\">\n\t\t\t\t\t\t\t\t\t<h1 style=\"font-weight: 400; padding: 0; margin: 0;\"><span style=\"color: #00ff80;\">United<\/span> for<br \/>a stronger<br \/>responsibility<\/h1>\t\t\t\t\t\t\t\t<\/div>\n\t\t\t\t<div class=\"elementor-element elementor-element-c9fe01d elementor-widget elementor-widget-spacer\" data-id=\"c9fe01d\" data-element_type=\"widget\" data-widget_type=\"spacer.default\">\n\t\t\t\t\t\t\t<div class=\"elementor-spacer\">\n\t\t\t<div class=\"elementor-spacer-inner\"><\/div>\n\t\t<\/div>\n\t\t\t\t\t\t<\/div>\n\t\t\t\t<div class=\"elementor-element elementor-element-995a244 elementor-widget elementor-widget-text-editor\" data-id=\"995a244\" data-element_type=\"widget\" data-widget_type=\"text-editor.default\">\n\t\t\t\t\t\t\t\t\t<p>Reciklarna is a symbol of the integration of knowledge, technology and people who believe that Slovenia can become a recycling champion, in an economical way, without unnecessary burden on companies and residents. It was created by the merger of companies <strong>OE-EKO<\/strong> and <strong>Salomon ECO<\/strong>. We combined our experience to deliver comprehensive sustainability solutions under one brand <strong>for companies, municipalities, public utility providers, and households.<\/strong><\/p>\t\t\t\t\t\t\t\t<\/div>\n\t\t\t\t<\/div>\n\t\t<div class=\"elementor-element elementor-element-5bf9a6e e-con-full e-flex e-con e-child\" data-id=\"5bf9a6e\" data-element_type=\"container\" data-settings=\"{&quot;background_background&quot;:&quot;classic&quot;}\">\n\t\t<div class=\"elementor-element elementor-element-4816fa2 e-grid e-con-full e-con e-child\" data-id=\"4816fa2\" data-element_type=\"container\">\n\t\t\t\t<div class=\"elementor-element elementor-element-46afdfa elementor-widget elementor-widget-text-editor\" data-id=\"46afdfa\" data-element_type=\"widget\" data-widget_type=\"text-editor.default\">\n\t\t\t\t\t\t\t\t\t<h2 style=\"font-weight: 400; padding: 0; margin: 0;\">Our story of <span style=\"color: #00ff80;\">integration<\/span> and sustainable progress<\/h2>\t\t\t\t\t\t\t\t<\/div>\n\t\t\t\t<div class=\"elementor-element elementor-element-80477d6 elementor-widget elementor-widget-spacer\" data-id=\"80477d6\" data-element_type=\"widget\" data-widget_type=\"spacer.default\">\n\t\t\t\t\t\t\t<div class=\"elementor-spacer\">\n\t\t\t<div class=\"elementor-spacer-inner\"><\/div>\n\t\t<\/div>\n\t\t\t\t\t\t<\/div>\n\t\t\t\t<div class=\"elementor-element elementor-element-2f93bce elementor-widget elementor-widget-text-editor\" data-id=\"2f93bce\" data-element_type=\"widget\" data-widget_type=\"text-editor.default\">\n\t\t\t\t\t\t\t\t\t<p>The result of the strategic merger of OE-EKO and Salomon ECO. <br \/><strong>Our goal is clear:<\/strong> to become the first choice for everyone looking for a reliable partner in sustainable waste management.<\/p>\t\t\t\t\t\t\t\t<\/div>\n\t\t\t\t<\/div>\n\t\t<div class=\"elementor-element elementor-element-1a4ae5d e-grid e-con-full e-con e-child\" data-id=\"1a4ae5d\" data-element_type=\"container\">\n\t\t\t\t<div class=\"elementor-element elementor-element-bb56b25 elementor-position-top elementor-position-top elementor-widget elementor-widget-image-box\" data-id=\"bb56b25\" data-element_type=\"widget\" data-widget_type=\"image-box.default\">\n\t\t\t\t\t<div class=\"elementor-image-box-wrapper\"><figure class=\"elementor-image-box-img\"><img decoding=\"async\" width=\"334\" height=\"52\" src=\"https:\/\/reciklarna.si\/wp-content\/smush-webp\/2025\/12\/Mission-1.png.webp\" class=\"attachment-full size-full wp-image-113\" alt=\"\" loading=\"lazy\" srcset=\"https:\/\/reciklarna.si\/wp-content\/smush-webp\/2025\/12\/Mission-1.png.webp 668w, https:\/\/reciklarna.si\/wp-content\/smush-webp\/2025\/12\/Mission-1-300x47.png.webp 300w, https:\/\/reciklarna.si\/wp-content\/smush-webp\/2025\/12\/Mission-1-18x3.png.webp 18w\" sizes=\"auto, (max-width: 334px) 100vw, 334px\" data-smush-webp-fallback=\"{&quot;src&quot;:&quot;https:\\\/\\\/reciklarna.si\\\/wp-content\\\/uploads\\\/2025\\\/12\\\/Mission-1.png&quot;,&quot;srcset&quot;:&quot;https:\\\/\\\/reciklarna.si\\\/wp-content\\\/uploads\\\/2025\\\/12\\\/Mission-1.png 668w, https:\\\/\\\/reciklarna.si\\\/wp-content\\\/uploads\\\/2025\\\/12\\\/Mission-1-300x47.png 300w, https:\\\/\\\/reciklarna.si\\\/wp-content\\\/uploads\\\/2025\\\/12\\\/Mission-1-18x3.png 18w&quot;}\" \/><\/figure><div class=\"elementor-image-box-content\"><h3 class=\"elementor-image-box-title\">We are building a system that works fairly<\/h3><p class=\"elementor-image-box-description\">We believe it is possible to create a system that works fairly, efficiently, and without unnecessary burden on people or the environment. <\/p><\/div><\/div>\t\t\t\t<\/div>\n\t\t\t\t<div class=\"elementor-element elementor-element-f1b7026 elementor-position-top elementor-position-top elementor-widget elementor-widget-image-box\" data-id=\"f1b7026\" data-element_type=\"widget\" data-widget_type=\"image-box.default\">\n\t\t\t\t\t<div class=\"elementor-image-box-wrapper\"><figure class=\"elementor-image-box-img\"><img decoding=\"async\" width=\"334\" height=\"52\" src=\"https:\/\/reciklarna.si\/wp-content\/smush-webp\/2025\/12\/Mission-2.png.webp\" class=\"attachment-full size-full wp-image-126\" alt=\"\" loading=\"lazy\" srcset=\"https:\/\/reciklarna.si\/wp-content\/smush-webp\/2025\/12\/Mission-2.png.webp 668w, https:\/\/reciklarna.si\/wp-content\/smush-webp\/2025\/12\/Mission-2-300x47.png.webp 300w, https:\/\/reciklarna.si\/wp-content\/smush-webp\/2025\/12\/Mission-2-18x3.png.webp 18w\" sizes=\"auto, (max-width: 334px) 100vw, 334px\" data-smush-webp-fallback=\"{&quot;src&quot;:&quot;https:\\\/\\\/reciklarna.si\\\/wp-content\\\/uploads\\\/2025\\\/12\\\/Mission-2.png&quot;,&quot;srcset&quot;:&quot;https:\\\/\\\/reciklarna.si\\\/wp-content\\\/uploads\\\/2025\\\/12\\\/Mission-2.png 668w, https:\\\/\\\/reciklarna.si\\\/wp-content\\\/uploads\\\/2025\\\/12\\\/Mission-2-300x47.png 300w, https:\\\/\\\/reciklarna.si\\\/wp-content\\\/uploads\\\/2025\\\/12\\\/Mission-2-18x3.png 18w&quot;}\" \/><\/figure><div class=\"elementor-image-box-content\"><h3 class=\"elementor-image-box-title\">Leading in the circular economy<\/h3><p class=\"elementor-image-box-description\">Our vision is boldly simple: for Slovenia to become the country with the highest packaging recycling rate in Europe and the world.<\/p><\/div><\/div>\t\t\t\t<\/div>\n\t\t\t\t<div class=\"elementor-element elementor-element-8a5a9d7 elementor-position-top elementor-position-top elementor-widget elementor-widget-image-box\" data-id=\"8a5a9d7\" data-element_type=\"widget\" data-widget_type=\"image-box.default\">\n\t\t\t\t\t<div class=\"elementor-image-box-wrapper\"><figure class=\"elementor-image-box-img\"><img decoding=\"async\" width=\"334\" height=\"52\" src=\"https:\/\/reciklarna.si\/wp-content\/smush-webp\/2025\/12\/Mission-3.png.webp\" class=\"attachment-full size-full wp-image-127\" alt=\"\" loading=\"lazy\" srcset=\"https:\/\/reciklarna.si\/wp-content\/smush-webp\/2025\/12\/Mission-3.png.webp 668w, https:\/\/reciklarna.si\/wp-content\/smush-webp\/2025\/12\/Mission-3-300x47.png.webp 300w, https:\/\/reciklarna.si\/wp-content\/smush-webp\/2025\/12\/Mission-3-18x3.png.webp 18w\" sizes=\"auto, (max-width: 334px) 100vw, 334px\" data-smush-webp-fallback=\"{&quot;src&quot;:&quot;https:\\\/\\\/reciklarna.si\\\/wp-content\\\/uploads\\\/2025\\\/12\\\/Mission-3.png&quot;,&quot;srcset&quot;:&quot;https:\\\/\\\/reciklarna.si\\\/wp-content\\\/uploads\\\/2025\\\/12\\\/Mission-3.png 668w, https:\\\/\\\/reciklarna.si\\\/wp-content\\\/uploads\\\/2025\\\/12\\\/Mission-3-300x47.png 300w, https:\\\/\\\/reciklarna.si\\\/wp-content\\\/uploads\\\/2025\\\/12\\\/Mission-3-18x3.png 18w&quot;}\" \/><\/figure><div class=\"elementor-image-box-content\"><h3 class=\"elementor-image-box-title\">Expertise. Innovation. Reliability. Sustainability. Community.<\/h3><p class=\"elementor-image-box-description\">We are built on expertise, advanced technology, traceability, and collaboration.<\/p><\/div><\/div>\t\t\t\t<\/div>\n\t\t\t\t<\/div>\n\t\t\t\t<\/div>\n\t\t\t\t\t<\/div>\n\t\t\t\t<\/div>\n\t\t<div class=\"elementor-element elementor-element-bb1e7dc e-flex e-con-boxed e-con e-parent\" data-id=\"bb1e7dc\" data-element_type=\"container\" data-settings=\"{&quot;background_background&quot;:&quot;gradient&quot;}\">\n\t\t\t\t\t<div class=\"e-con-inner\">\n\t\t\t\t<div class=\"elementor-element elementor-element-d76e227 elementor-widget elementor-widget-heading\" data-id=\"d76e227\" data-element_type=\"widget\" data-widget_type=\"heading.default\">\n\t\t\t\t\t<h2 class=\"elementor-heading-title elementor-size-default\">Customized solutions for different sectors<\/h2>\t\t\t\t<\/div>\n\t\t\t\t<div class=\"elementor-element elementor-element-47fda9f elementor-widget elementor-widget-heading\" data-id=\"47fda9f\" data-element_type=\"widget\" data-widget_type=\"heading.default\">\n\t\t\t\t\t<p class=\"elementor-heading-title elementor-size-default\">For each field, we design appropriate solutions that take into account legislation, environmental goals, and local needs.<\/p>\t\t\t\t<\/div>\n\t\t<div class=\"elementor-element elementor-element-567889f e-grid e-con-full e-con e-child\" data-id=\"567889f\" data-element_type=\"container\">\n\t\t\t\t<div class=\"elementor-element elementor-element-9023918 elementor-position-top elementor-position-top elementor-widget elementor-widget-image-box\" data-id=\"9023918\" data-element_type=\"widget\" data-widget_type=\"image-box.default\">\n\t\t\t\t\t<div class=\"elementor-image-box-wrapper\"><figure class=\"elementor-image-box-img\"><a href=\"https:\/\/reciklarna.si\/en\/resitve-za-podjetja\/\" tabindex=\"-1\"><img decoding=\"async\" src=\"https:\/\/reciklarna.si\/wp-content\/smush-webp\/2025\/12\/Mission-11.png.webp\" title=\"Frame 17\" alt=\"Frame 17\" loading=\"lazy\" width=\"668\" class=\"smush-dimensions\" style=\"--smush-image-width: 668px; --smush-image-aspect-ratio: 668\/104;\" srcset=\"https:\/\/reciklarna.si\/wp-content\/smush-webp\/2025\/12\/Mission-11.png.webp 668w, https:\/\/reciklarna.si\/wp-content\/smush-webp\/2025\/12\/Mission-11-300x47.png.webp 300w, https:\/\/reciklarna.si\/wp-content\/smush-webp\/2025\/12\/Mission-11-18x3.png.webp 18w\" sizes=\"auto, (max-width: 668px) 100vw, 668px\" data-smush-webp-fallback=\"{&quot;src&quot;:&quot;https:\\\/\\\/reciklarna.si\\\/wp-content\\\/uploads\\\/2025\\\/12\\\/Mission-11.png&quot;,&quot;srcset&quot;:&quot;https:\\\/\\\/reciklarna.si\\\/wp-content\\\/uploads\\\/2025\\\/12\\\/Mission-11.png 668w, https:\\\/\\\/reciklarna.si\\\/wp-content\\\/uploads\\\/2025\\\/12\\\/Mission-11-300x47.png 300w, https:\\\/\\\/reciklarna.si\\\/wp-content\\\/uploads\\\/2025\\\/12\\\/Mission-11-18x3.png 18w&quot;}\" \/><\/a><\/figure><div class=\"elementor-image-box-content\"><h3 class=\"elementor-image-box-title\"><a href=\"https:\/\/reciklarna.si\/en\/resitve-za-podjetja\/\">Industrial solutions<\/a><\/h3><p class=\"elementor-image-box-description\">With us, every kilogram is traceable and every process is transparent.\n<br><br>\n<a href=\"https:\/\/reciklarna.si\/en\/resitve-za-podjetja\/\" class=\"vec\"><strong>Read more<\/strong><\/a><\/p><\/div><\/div>\t\t\t\t<\/div>\n\t\t\t\t<div class=\"elementor-element elementor-element-c9bdae1 elementor-position-top elementor-position-top elementor-widget elementor-widget-image-box\" data-id=\"c9bdae1\" data-element_type=\"widget\" data-widget_type=\"image-box.default\">\n\t\t\t\t\t<div class=\"elementor-image-box-wrapper\"><figure class=\"elementor-image-box-img\"><a href=\"https:\/\/reciklarna.si\/en\/resitve-za-obcine\/\" tabindex=\"-1\"><img decoding=\"async\" src=\"https:\/\/reciklarna.si\/wp-content\/smush-webp\/2025\/12\/Mission-10.png.webp\" title=\"Frame 17 (3)\" alt=\"Frame 17 (3)\" loading=\"lazy\" width=\"668\" class=\"smush-dimensions\" style=\"--smush-image-width: 668px; --smush-image-aspect-ratio: 668\/104;\" srcset=\"https:\/\/reciklarna.si\/wp-content\/smush-webp\/2025\/12\/Mission-10.png.webp 668w, https:\/\/reciklarna.si\/wp-content\/smush-webp\/2025\/12\/Mission-10-300x47.png.webp 300w, https:\/\/reciklarna.si\/wp-content\/smush-webp\/2025\/12\/Mission-10-18x3.png.webp 18w\" sizes=\"auto, (max-width: 668px) 100vw, 668px\" data-smush-webp-fallback=\"{&quot;src&quot;:&quot;https:\\\/\\\/reciklarna.si\\\/wp-content\\\/uploads\\\/2025\\\/12\\\/Mission-10.png&quot;,&quot;srcset&quot;:&quot;https:\\\/\\\/reciklarna.si\\\/wp-content\\\/uploads\\\/2025\\\/12\\\/Mission-10.png 668w, https:\\\/\\\/reciklarna.si\\\/wp-content\\\/uploads\\\/2025\\\/12\\\/Mission-10-300x47.png 300w, https:\\\/\\\/reciklarna.si\\\/wp-content\\\/uploads\\\/2025\\\/12\\\/Mission-10-18x3.png 18w&quot;}\" \/><\/a><\/figure><div class=\"elementor-image-box-content\"><h3 class=\"elementor-image-box-title\"><a href=\"https:\/\/reciklarna.si\/en\/resitve-za-obcine\/\">Utilities<\/a><\/h3><p class=\"elementor-image-box-description\">Less costs, more recycled tons and satisfied residents.\n<br><br>\n<a href=\"https:\/\/reciklarna.si\/en\/resitve-za-obcine\/\" class=\"vec\"><strong>Read more<\/strong><\/a><\/p><\/div><\/div>\t\t\t\t<\/div>\n\t\t\t\t<div class=\"elementor-element elementor-element-802f09b elementor-position-top elementor-position-top elementor-widget elementor-widget-image-box\" data-id=\"802f09b\" data-element_type=\"widget\" data-widget_type=\"image-box.default\">\n\t\t\t\t\t<div class=\"elementor-image-box-wrapper\"><figure class=\"elementor-image-box-img\"><a href=\"https:\/\/reciklarna.si\/en\/resitve-za-gospodinjstva\/\" tabindex=\"-1\"><img decoding=\"async\" src=\"https:\/\/reciklarna.si\/wp-content\/smush-webp\/2025\/12\/Mission-12.png.webp\" title=\"Frame 17 (2)\" alt=\"Frame 17 (2)\" loading=\"lazy\" width=\"668\" class=\"smush-dimensions\" style=\"--smush-image-width: 668px; --smush-image-aspect-ratio: 668\/104;\" srcset=\"https:\/\/reciklarna.si\/wp-content\/smush-webp\/2025\/12\/Mission-12.png.webp 668w, https:\/\/reciklarna.si\/wp-content\/smush-webp\/2025\/12\/Mission-12-300x47.png.webp 300w, https:\/\/reciklarna.si\/wp-content\/smush-webp\/2025\/12\/Mission-12-18x3.png.webp 18w\" sizes=\"auto, (max-width: 668px) 100vw, 668px\" data-smush-webp-fallback=\"{&quot;src&quot;:&quot;https:\\\/\\\/reciklarna.si\\\/wp-content\\\/uploads\\\/2025\\\/12\\\/Mission-12.png&quot;,&quot;srcset&quot;:&quot;https:\\\/\\\/reciklarna.si\\\/wp-content\\\/uploads\\\/2025\\\/12\\\/Mission-12.png 668w, https:\\\/\\\/reciklarna.si\\\/wp-content\\\/uploads\\\/2025\\\/12\\\/Mission-12-300x47.png 300w, https:\\\/\\\/reciklarna.si\\\/wp-content\\\/uploads\\\/2025\\\/12\\\/Mission-12-18x3.png 18w&quot;}\" \/><\/a><\/figure><div class=\"elementor-image-box-content\"><h3 class=\"elementor-image-box-title\"><a href=\"https:\/\/reciklarna.si\/en\/resitve-za-gospodinjstva\/\">Local collection solutions<\/a><\/h3><p class=\"elementor-image-box-description\">Everyone can contribute to a cleaner environment \u2013 without any extra effort.<br>\n<br>\n<a href=\"https:\/\/reciklarna.si\/en\/resitve-za-gospodinjstva\/\" class=\"vec\"><strong>Read more<\/strong><\/a><\/p><\/div><\/div>\t\t\t\t<\/div>\n\t\t\t\t<\/div>\n\t\t<div class=\"elementor-element elementor-element-d1ab35b e-con-full e-flex e-con e-child\" data-id=\"d1ab35b\" data-element_type=\"container\">\n\t\t<div class=\"elementor-element elementor-element-a936f3e e-grid e-con-full e-con e-child\" data-id=\"a936f3e\" data-element_type=\"container\">\n\t\t<div class=\"elementor-element elementor-element-1e2e000 e-grid e-con-full e-con e-child\" data-id=\"1e2e000\" data-element_type=\"container\">\n\t\t\t\t<div class=\"elementor-element elementor-element-f9fc6f5 elementor-widget elementor-widget-heading\" data-id=\"f9fc6f5\" data-element_type=\"widget\" data-widget_type=\"heading.default\">\n\t\t\t\t\t<p class=\"elementor-heading-title elementor-size-default\">Why choose us?<\/p>\t\t\t\t<\/div>\n\t\t\t\t<div class=\"elementor-element elementor-element-e2f2e8d elementor-widget elementor-widget-heading\" data-id=\"e2f2e8d\" data-element_type=\"widget\" data-widget_type=\"heading.default\">\n\t\t\t\t\t<h2 class=\"elementor-heading-title elementor-size-default\">Comprehensive solutions for your needs<\/h2>\t\t\t\t<\/div>\n\t\t\t\t<div class=\"elementor-element elementor-element-08f72ec elementor-widget elementor-widget-heading\" data-id=\"08f72ec\" data-element_type=\"widget\" data-widget_type=\"heading.default\">\n\t\t\t\t\t<p class=\"elementor-heading-title elementor-size-default\">Reciklarna provides a complete waste management cycle - from collection to sorting and preparation of materials for recycling.<\/p>\t\t\t\t<\/div>\n\t\t\t\t<\/div>\n\t\t\t\t<div class=\"elementor-element elementor-element-a306124 elementor-widget elementor-widget-image\" data-id=\"a306124\" data-element_type=\"widget\" data-widget_type=\"image.default\">\n\t\t\t\t\t\t\t\t\t\t\t\t\t\t\t<img loading=\"lazy\" decoding=\"async\" width=\"530\" height=\"290\" src=\"https:\/\/reciklarna.si\/wp-content\/smush-webp\/2025\/12\/Your-paragraph-text.png.webp\" class=\"attachment-full size-full wp-image-1591\" alt=\"\" srcset=\"https:\/\/reciklarna.si\/wp-content\/smush-webp\/2025\/12\/Your-paragraph-text.png.webp 1060w, https:\/\/reciklarna.si\/wp-content\/smush-webp\/2025\/12\/Your-paragraph-text-300x164.png.webp 300w, https:\/\/reciklarna.si\/wp-content\/smush-webp\/2025\/12\/Your-paragraph-text-1024x560.png.webp 1024w, https:\/\/reciklarna.si\/wp-content\/smush-webp\/2025\/12\/Your-paragraph-text-768x420.png.webp 768w, https:\/\/reciklarna.si\/wp-content\/smush-webp\/2025\/12\/Your-paragraph-text-18x10.png.webp 18w\" sizes=\"auto, (max-width: 530px) 100vw, 530px\" data-smush-webp-fallback=\"{&quot;src&quot;:&quot;https:\\\/\\\/reciklarna.si\\\/wp-content\\\/uploads\\\/2025\\\/12\\\/Your-paragraph-text.png&quot;,&quot;srcset&quot;:&quot;https:\\\/\\\/reciklarna.si\\\/wp-content\\\/uploads\\\/2025\\\/12\\\/Your-paragraph-text.png 1060w, https:\\\/\\\/reciklarna.si\\\/wp-content\\\/uploads\\\/2025\\\/12\\\/Your-paragraph-text-300x164.png 300w, https:\\\/\\\/reciklarna.si\\\/wp-content\\\/uploads\\\/2025\\\/12\\\/Your-paragraph-text-1024x560.png 1024w, https:\\\/\\\/reciklarna.si\\\/wp-content\\\/uploads\\\/2025\\\/12\\\/Your-paragraph-text-768x420.png 768w, https:\\\/\\\/reciklarna.si\\\/wp-content\\\/uploads\\\/2025\\\/12\\\/Your-paragraph-text-18x10.png 18w&quot;}\" \/>\t\t\t\t\t\t\t\t\t\t\t\t\t\t\t<\/div>\n\t\t\t\t<\/div>\n\t\t\t\t<\/div>\n\t\t\t\t\t<\/div>\n\t\t\t\t<\/div>\n\t\t<div class=\"elementor-element elementor-element-fd717ae e-flex e-con-boxed e-con e-parent\" data-id=\"fd717ae\" data-element_type=\"container\" data-settings=\"{&quot;background_background&quot;:&quot;gradient&quot;}\">\n\t\t\t\t\t<div class=\"e-con-inner\">\n\t\t\t\t<div class=\"elementor-element elementor-element-a8920bb elementor-widget elementor-widget-heading\" data-id=\"a8920bb\" data-element_type=\"widget\" data-widget_type=\"heading.default\">\n\t\t\t\t\t<h2 class=\"elementor-heading-title elementor-size-default\">Our <span style=\"color: #00ff80\">network<\/span> throughout Slovenia<\/h2>\t\t\t\t<\/div>\n\t\t\t\t<div class=\"elementor-element elementor-element-404bd62 elementor-widget elementor-widget-heading\" data-id=\"404bd62\" data-element_type=\"widget\" data-widget_type=\"heading.default\">\n\t\t\t\t\t<p class=\"elementor-heading-title elementor-size-default\">We cover the entire territory of Slovenia with a network of five modern waste management centers located in Lenart, Ljubljana, Logatec, Novo mesto, and Lendava.<\/p>\t\t\t\t<\/div>\n\t\t\t\t<div class=\"elementor-element elementor-element-28eeda1 elementor-widget elementor-widget-button\" data-id=\"28eeda1\" data-element_type=\"widget\" data-widget_type=\"button.default\">\n\t\t\t\t\t\t\t\t\t\t<a class=\"elementor-button elementor-button-link elementor-size-sm\" href=\"https:\/\/reciklarna.si\/en\/lokacije\/\">\n\t\t\t\t\t\t<span class=\"elementor-button-content-wrapper\">\n\t\t\t\t\t\t\t\t\t<span class=\"elementor-button-text\">See all locations<\/span>\n\t\t\t\t\t<\/span>\n\t\t\t\t\t<\/a>\n\t\t\t\t\t\t\t\t<\/div>\n\t\t\t\t\t<\/div>\n\t\t\t\t<\/div>\n\t\t<div class=\"elementor-element elementor-element-88c4e77 e-flex e-con-boxed e-con e-parent\" data-id=\"88c4e77\" data-element_type=\"container\" data-settings=\"{&quot;background_background&quot;:&quot;gradient&quot;}\">\n\t\t\t\t\t<div class=\"e-con-inner\">\n\t\t\t\t<div class=\"elementor-element elementor-element-01ca602 elementor-widget elementor-widget-heading\" data-id=\"01ca602\" data-element_type=\"widget\" data-widget_type=\"heading.default\">\n\t\t\t\t\t<h2 class=\"elementor-heading-title elementor-size-default\">Let&#039;s become partners in sustainable development<\/h2>\t\t\t\t<\/div>\n\t\t\t\t<div class=\"elementor-element elementor-element-a05a225 elementor-widget elementor-widget-heading\" data-id=\"a05a225\" data-element_type=\"widget\" data-widget_type=\"heading.default\">\n\t\t\t\t\t<p class=\"elementor-heading-title elementor-size-default\">Together we can create a system that operates transparently and environmentally friendly - for a cleaner Slovenia and a sustainable future for the planet.<\/p>\t\t\t\t<\/div>\n\t\t\t\t<div class=\"elementor-element elementor-element-7acb07b elementor-widget elementor-widget-button\" data-id=\"7acb07b\" data-element_type=\"widget\" data-widget_type=\"button.default\">\n\t\t\t\t\t\t\t\t\t\t<a class=\"elementor-button elementor-button-link elementor-size-sm\" href=\"https:\/\/reciklarna.si\/en\/lokacije\/\">\n\t\t\t\t\t\t<span class=\"elementor-button-content-wrapper\">\n\t\t\t\t\t\t\t\t\t<span class=\"elementor-button-text\">See all locations<\/span>\n\t\t\t\t\t<\/span>\n\t\t\t\t\t<\/a>\n\t\t\t\t\t\t\t\t<\/div>\n\t\t\t\t\t<\/div>\n\t\t\t\t<\/div>\n\t\t\t\t<\/div>","protected":false},"excerpt":{"rendered":"<p>Zdru\u017eeni zamo\u010dnej\u0161oprihodnost Reciklarna je simbol povezovanja znanja, tehnologije in ljudi, ki verjamejo, da lahko Slovenija postane prvak v recikliranju, na ekonomi\u010den na\u010din, brez nepotrebnega bremena za podjetja in prebivalce. Nastala je z zdru\u017eitvijo podjetij OE-EKO in Salomon ECO. Izku\u0161nje smo zdru\u017eili, da pod eno blagovno znamko omogo\u010dimo celovite trajnostne re\u0161itve za podjetja, ob\u010dine, komunalna podjetja [&hellip;]<\/p>","protected":false},"author":1,"featured_media":0,"parent":0,"menu_order":0,"comment_status":"closed","ping_status":"closed","template":"elementor_header_footer","meta":{"footnotes":""},"class_list":["post-72","page","type-page","status-publish","hentry"],"_links":{"self":[{"href":"https:\/\/reciklarna.si\/en\/wp-json\/wp\/v2\/pages\/72","targetHints":{"allow":["GET"]}}],"collection":[{"href":"https:\/\/reciklarna.si\/en\/wp-json\/wp\/v2\/pages"}],"about":[{"href":"https:\/\/reciklarna.si\/en\/wp-json\/wp\/v2\/types\/page"}],"author":[{"embeddable":true,"href":"https:\/\/reciklarna.si\/en\/wp-json\/wp\/v2\/users\/1"}],"replies":[{"embeddable":true,"href":"https:\/\/reciklarna.si\/en\/wp-json\/wp\/v2\/comments?post=72"}],"version-history":[{"count":0,"href":"https:\/\/reciklarna.si\/en\/wp-json\/wp\/v2\/pages\/72\/revisions"}],"wp:attachment":[{"href":"https:\/\/reciklarna.si\/en\/wp-json\/wp\/v2\/media?parent=72"}],"curies":[{"name":"wp","href":"https:\/\/api.w.org\/{rel}","templated":true}]}}