{"id":529,"date":"2025-11-26T09:19:28","date_gmt":"2025-11-26T09:19:28","guid":{"rendered":"https:\/\/reciklarna.si\/?page_id=529"},"modified":"2025-12-12T13:07:02","modified_gmt":"2025-12-12T12:07:02","slug":"resitve-za-obcine-in-komunalna-podjetja","status":"publish","type":"page","link":"https:\/\/reciklarna.si\/en\/resitve-za-obcine-in-komunalna-podjetja\/","title":{"rendered":"Re\u0161itve za ob\u010dine in komunalna podjetja"},"content":{"rendered":"<div data-elementor-type=\"wp-page\" data-elementor-id=\"529\" class=\"elementor elementor-529\" data-elementor-post-type=\"page\">\n\t\t\t\t<div class=\"elementor-element elementor-element-d010697 eco-card e-flex e-con-boxed e-con e-parent\" data-id=\"d010697\" data-element_type=\"container\" data-settings=\"{&quot;background_background&quot;:&quot;gradient&quot;}\">\n\t\t\t\t\t<div class=\"e-con-inner\">\n\t\t<div class=\"elementor-element elementor-element-7ddca0b e-grid e-con-full e-con e-child\" data-id=\"7ddca0b\" data-element_type=\"container\">\n\t\t\t\t<div class=\"elementor-element elementor-element-2792671 elementor-widget__width-initial elementor-widget elementor-widget-text-editor\" data-id=\"2792671\" data-element_type=\"widget\" data-widget_type=\"text-editor.default\">\n\t\t\t\t\t\t\t\t\t<h1 style=\"font-weight: 400; padding: 0; margin: 0;\">Solutions for <span style=\"color: #00ff80;\">municipalities and utility companies<\/span><\/h1>\n<h5>Less costs, more tons recycled, satisfied residents.<\/h5>\t\t\t\t\t\t\t\t<\/div>\n\t\t\t\t<\/div>\n\t\t\t\t<div class=\"elementor-element elementor-element-fb469f4 elementor-position-right elementor-vertical-align-middle elementor-widget__width-initial elementor-position-right elementor-vertical-align-middle elementor-position-right elementor-widget elementor-widget-image-box\" data-id=\"fb469f4\" data-element_type=\"widget\" data-widget_type=\"image-box.default\">\n\t\t\t\t\t<div class=\"elementor-image-box-wrapper\"><figure class=\"elementor-image-box-img\"><img decoding=\"async\" width=\"102\" height=\"102\" src=\"https:\/\/reciklarna.si\/wp-content\/uploads\/2025\/11\/Podjetja-1.svg\" class=\"attachment-full size-full wp-image-531\" alt=\"\" loading=\"lazy\" \/><\/figure><div class=\"elementor-image-box-content\"><p class=\"elementor-image-box-description\">Partner of municipalities and utility companies in sustainable development. Together with municipalities and utility companies, we build systems that are transparent, efficient and people-friendly.<\/p><\/div><\/div>\t\t\t\t<\/div>\n\t\t\t\t\t<\/div>\n\t\t\t\t<\/div>\n\t\t<div class=\"elementor-element elementor-element-a59bad7 e-flex e-con-boxed e-con e-parent\" data-id=\"a59bad7\" data-element_type=\"container\" data-settings=\"{&quot;background_background&quot;:&quot;gradient&quot;}\">\n\t\t\t\t\t<div class=\"e-con-inner\">\n\t\t\t\t<div class=\"elementor-element elementor-element-500d330 elementor-position-left elementor-vertical-align-middle elementor-widget__width-initial elementor-position-left elementor-vertical-align-middle elementor-widget elementor-widget-image-box\" data-id=\"500d330\" data-element_type=\"widget\" data-widget_type=\"image-box.default\">\n\t\t\t\t\t<div class=\"elementor-image-box-wrapper\"><figure class=\"elementor-image-box-img\"><img decoding=\"async\" width=\"47\" height=\"47\" src=\"https:\/\/reciklarna.si\/wp-content\/uploads\/2025\/11\/Vector-10.svg\" class=\"attachment-full size-full wp-image-400\" alt=\"\" loading=\"lazy\" \/><\/figure><div class=\"elementor-image-box-content\"><h2 class=\"elementor-image-box-title\">Key services<\/h2><\/div><\/div>\t\t\t\t<\/div>\n\t\t<div class=\"elementor-element elementor-element-013861e e-grid e-con-full e-con e-child\" data-id=\"013861e\" data-element_type=\"container\">\n\t\t\t\t<div class=\"elementor-element elementor-element-23347ce elementor-widget elementor-widget-image-box\" data-id=\"23347ce\" data-element_type=\"widget\" data-widget_type=\"image-box.default\">\n\t\t\t\t\t<div class=\"elementor-image-box-wrapper\"><div class=\"elementor-image-box-content\"><h3 class=\"elementor-image-box-title\"><a href=\"#\">Collection and processing of municipal waste<\/a><\/h3><p class=\"elementor-image-box-description\">Using modern processing procedures, we extract useful fractions, and prepare the remainder for energy recovery or safe disposal.\n<br>\n<span style=\"color: #00A1F7\"><strong>Result:<\/strong><\/span> more recyclables, less disposal costs.<\/p><\/div><\/div>\t\t\t\t<\/div>\n\t\t\t\t<div class=\"elementor-element elementor-element-71ac80a elementor-widget elementor-widget-image-box\" data-id=\"71ac80a\" data-element_type=\"widget\" data-widget_type=\"image-box.default\">\n\t\t\t\t\t<div class=\"elementor-image-box-wrapper\"><div class=\"elementor-image-box-content\"><h3 class=\"elementor-image-box-title\"><a href=\"#\">Education and awareness raising<\/a><\/h3><p class=\"elementor-image-box-description\">Implementation of local campaigns and programs in schools, kindergartens and communities.\n<br>\n<span style=\"color: #00A1F7\"><strong>Result:<\/strong><\/span> more involved residents and less mixed waste.<\/p><\/div><\/div>\t\t\t\t<\/div>\n\t\t\t\t<div class=\"elementor-element elementor-element-a2b0cbe elementor-widget elementor-widget-image-box\" data-id=\"a2b0cbe\" data-element_type=\"widget\" data-widget_type=\"image-box.default\">\n\t\t\t\t\t<div class=\"elementor-image-box-wrapper\"><div class=\"elementor-image-box-content\"><h3 class=\"elementor-image-box-title\"><a href=\"#\">Logistical support and raw material procurement<\/a><\/h3><p class=\"elementor-image-box-description\">Acquisition and purchase of raw materials at the best market conditions.\n<br>\n<span style=\"color: #00A1F7\"><strong>Result:<\/strong><\/span> additional income for contractors.<\/p><\/div><\/div>\t\t\t\t<\/div>\n\t\t\t\t<div class=\"elementor-element elementor-element-03a011a elementor-widget elementor-widget-image-box\" data-id=\"03a011a\" data-element_type=\"widget\" data-widget_type=\"image-box.default\">\n\t\t\t\t\t<div class=\"elementor-image-box-wrapper\"><div class=\"elementor-image-box-content\"><h3 class=\"elementor-image-box-title\"><a href=\"#\">Sorting fractions and preparing recyclable materials<\/a><\/h3><p class=\"elementor-image-box-description\">Acceptance of paper, cardboard, glass, mixed and wooden packaging for packaging waste management companies.\n<br>\n<span style=\"color: #00A1F7\"><strong>Result:<\/strong><\/span> optimized system performance.<\/p><\/div><\/div>\t\t\t\t<\/div>\n\t\t\t\t<\/div>\n\t\t\t\t\t<\/div>\n\t\t\t\t<\/div>\n\t\t<div class=\"elementor-element elementor-element-b4f829c e-flex e-con-boxed e-con e-parent\" data-id=\"b4f829c\" data-element_type=\"container\" data-settings=\"{&quot;background_background&quot;:&quot;gradient&quot;}\">\n\t\t\t\t\t<div class=\"e-con-inner\">\n\t\t\t\t<div class=\"elementor-element elementor-element-30ea3cf elementor-vertical-align-top elementor-widget elementor-widget-image-box\" data-id=\"30ea3cf\" data-element_type=\"widget\" data-widget_type=\"image-box.default\">\n\t\t\t\t\t<div class=\"elementor-image-box-wrapper\"><div class=\"elementor-image-box-content\"><h2 class=\"elementor-image-box-title\">How does cooperation work?<\/h2><\/div><\/div>\t\t\t\t<\/div>\n\t\t<div class=\"elementor-element elementor-element-30e3a76 e-grid e-con-full e-con e-child\" data-id=\"30e3a76\" data-element_type=\"container\">\n\t\t<div class=\"elementor-element elementor-element-9e287d3 e-con-full e-flex e-con e-child\" data-id=\"9e287d3\" data-element_type=\"container\">\n\t\t\t\t<div class=\"elementor-element elementor-element-734611b elementor-position-left elementor-widget__width-inherit elementor-position-left elementor-vertical-align-middle elementor-vertical-align-top elementor-widget elementor-widget-image-box\" data-id=\"734611b\" data-element_type=\"widget\" data-widget_type=\"image-box.default\">\n\t\t\t\t\t<div class=\"elementor-image-box-wrapper\"><figure class=\"elementor-image-box-img\"><img decoding=\"async\" width=\"47\" height=\"47\" src=\"https:\/\/reciklarna.si\/wp-content\/uploads\/2025\/11\/Vector-10.svg\" class=\"attachment-full size-full wp-image-400\" alt=\"\" loading=\"lazy\" \/><\/figure><div class=\"elementor-image-box-content\"><h5 class=\"elementor-image-box-title\">Assessment<\/h5><p class=\"elementor-image-box-description\">Detailed analysis of local environmental challenges and specific needs of municipalities and utility companies.<\/p><\/div><\/div>\t\t\t\t<\/div>\n\t\t\t\t<div class=\"elementor-element elementor-element-776b293 elementor-position-left elementor-vertical-align-middle elementor-widget__width-inherit elementor-position-left elementor-vertical-align-middle elementor-widget elementor-widget-image-box\" data-id=\"776b293\" data-element_type=\"widget\" data-widget_type=\"image-box.default\">\n\t\t\t\t\t<div class=\"elementor-image-box-wrapper\"><figure class=\"elementor-image-box-img\"><img decoding=\"async\" width=\"47\" height=\"47\" src=\"https:\/\/reciklarna.si\/wp-content\/uploads\/2025\/11\/Vector-10.svg\" class=\"attachment-full size-full wp-image-400\" alt=\"\" loading=\"lazy\" \/><\/figure><div class=\"elementor-image-box-content\"><h5 class=\"elementor-image-box-title\">Solution planning<\/h5><p class=\"elementor-image-box-description\">Development of a customized plan for effective waste management.<\/p><\/div><\/div>\t\t\t\t<\/div>\n\t\t\t\t<div class=\"elementor-element elementor-element-85a0d10 elementor-position-left elementor-vertical-align-middle elementor-widget__width-inherit elementor-position-left elementor-vertical-align-middle elementor-widget elementor-widget-image-box\" data-id=\"85a0d10\" data-element_type=\"widget\" data-widget_type=\"image-box.default\">\n\t\t\t\t\t<div class=\"elementor-image-box-wrapper\"><figure class=\"elementor-image-box-img\"><img decoding=\"async\" width=\"47\" height=\"47\" src=\"https:\/\/reciklarna.si\/wp-content\/uploads\/2025\/11\/Vector-10.svg\" class=\"attachment-full size-full wp-image-400\" alt=\"\" loading=\"lazy\" \/><\/figure><div class=\"elementor-image-box-content\"><h5 class=\"elementor-image-box-title\">Implementation<\/h5><p class=\"elementor-image-box-description\">Professional implementation of waste management.\n<\/p><\/div><\/div>\t\t\t\t<\/div>\n\t\t\t\t<div class=\"elementor-element elementor-element-63e09f2 elementor-position-left elementor-vertical-align-middle elementor-widget__width-inherit elementor-position-left elementor-vertical-align-middle elementor-widget elementor-widget-image-box\" data-id=\"63e09f2\" data-element_type=\"widget\" data-widget_type=\"image-box.default\">\n\t\t\t\t\t<div class=\"elementor-image-box-wrapper\"><figure class=\"elementor-image-box-img\"><img decoding=\"async\" width=\"47\" height=\"47\" src=\"https:\/\/reciklarna.si\/wp-content\/uploads\/2025\/11\/Vector-10.svg\" class=\"attachment-full size-full wp-image-400\" alt=\"\" loading=\"lazy\" \/><\/figure><div class=\"elementor-image-box-content\"><h5 class=\"elementor-image-box-title\">Continuous improvement<\/h5><p class=\"elementor-image-box-description\">Continuous monitoring and optimization of waste management processes.<\/p><\/div><\/div>\t\t\t\t<\/div>\n\t\t\t\t<\/div>\n\t\t\t\t<div class=\"elementor-element elementor-element-4689dd4 elementor-widget elementor-widget-image\" data-id=\"4689dd4\" data-element_type=\"widget\" data-widget_type=\"image.default\">\n\t\t\t\t\t\t\t\t\t\t\t\t\t\t\t<img decoding=\"async\" src=\"https:\/\/reciklarna.si\/wp-content\/smush-webp\/2025\/11\/183230f3dc551c2fc5a246c4d7d73c5531ad54c7-scaled.jpg.webp\" title=\"183230f3dc551c2fc5a246c4d7d73c5531ad54c7\" alt=\"183230f3dc551c2fc5a246c4d7d73c5531ad54c7\" loading=\"lazy\" width=\"2048\" class=\"smush-dimensions\" style=\"--smush-image-width: 2048px; --smush-image-aspect-ratio: 2048\/1408;\" srcset=\"https:\/\/reciklarna.si\/wp-content\/smush-webp\/2025\/11\/183230f3dc551c2fc5a246c4d7d73c5531ad54c7-scaled.jpg.webp 2048w, https:\/\/reciklarna.si\/wp-content\/smush-webp\/2025\/11\/183230f3dc551c2fc5a246c4d7d73c5531ad54c7-300x206.jpg.webp 300w, https:\/\/reciklarna.si\/wp-content\/smush-webp\/2025\/11\/183230f3dc551c2fc5a246c4d7d73c5531ad54c7-1024x704.jpg.webp 1024w, https:\/\/reciklarna.si\/wp-content\/smush-webp\/2025\/11\/183230f3dc551c2fc5a246c4d7d73c5531ad54c7-768x528.jpg.webp 768w, https:\/\/reciklarna.si\/wp-content\/smush-webp\/2025\/11\/183230f3dc551c2fc5a246c4d7d73c5531ad54c7-1536x1056.jpg.webp 1536w\" sizes=\"auto, (max-width: 2048px) 100vw, 2048px\" data-smush-webp-fallback=\"{&quot;src&quot;:&quot;https:\\\/\\\/reciklarna.si\\\/wp-content\\\/uploads\\\/2025\\\/11\\\/183230f3dc551c2fc5a246c4d7d73c5531ad54c7-scaled.jpg&quot;,&quot;srcset&quot;:&quot;https:\\\/\\\/reciklarna.si\\\/wp-content\\\/uploads\\\/2025\\\/11\\\/183230f3dc551c2fc5a246c4d7d73c5531ad54c7-scaled.jpg 2048w, https:\\\/\\\/reciklarna.si\\\/wp-content\\\/uploads\\\/2025\\\/11\\\/183230f3dc551c2fc5a246c4d7d73c5531ad54c7-300x206.jpg 300w, https:\\\/\\\/reciklarna.si\\\/wp-content\\\/uploads\\\/2025\\\/11\\\/183230f3dc551c2fc5a246c4d7d73c5531ad54c7-1024x704.jpg 1024w, https:\\\/\\\/reciklarna.si\\\/wp-content\\\/uploads\\\/2025\\\/11\\\/183230f3dc551c2fc5a246c4d7d73c5531ad54c7-768x528.jpg 768w, https:\\\/\\\/reciklarna.si\\\/wp-content\\\/uploads\\\/2025\\\/11\\\/183230f3dc551c2fc5a246c4d7d73c5531ad54c7-1536x1056.jpg 1536w&quot;}\" \/>\t\t\t\t\t\t\t\t\t\t\t\t\t\t\t<\/div>\n\t\t\t\t<\/div>\n\t\t\t\t\t<\/div>\n\t\t\t\t<\/div>\n\t\t<div class=\"elementor-element elementor-element-43c4128 e-con-full elementor-hidden-desktop elementor-hidden-tablet elementor-hidden-mobile e-flex e-con e-parent\" data-id=\"43c4128\" data-element_type=\"container\">\n\t\t\t\t<div class=\"elementor-element elementor-element-30ad0ae elementor-widget elementor-widget-heading\" data-id=\"30ad0ae\" data-element_type=\"widget\" data-widget_type=\"heading.default\">\n\t\t\t\t\t<h2 class=\"elementor-heading-title elementor-size-default\">Satisfied partners<\/h2>\t\t\t\t<\/div>\n\t\t\t\t<div class=\"elementor-element elementor-element-d925795 elementor-widget elementor-widget-heading\" data-id=\"d925795\" data-element_type=\"widget\" data-widget_type=\"heading.default\">\n\t\t\t\t\t<p class=\"elementor-heading-title elementor-size-default\">The trust we build with every project<\/p>\t\t\t\t<\/div>\n\t\t<div class=\"elementor-element elementor-element-0f4acbc e-grid e-con-full e-con e-child\" data-id=\"0f4acbc\" data-element_type=\"container\">\n\t\t\t\t<div class=\"elementor-element elementor-element-1a9dff9 elementor-testimonial--align-left elementor-testimonial--skin-default elementor-testimonial--layout-image_inline elementor-pagination-type-bullets elementor-widget elementor-widget-testimonial-carousel\" data-id=\"1a9dff9\" data-element_type=\"widget\" data-settings=\"{&quot;slides_per_view&quot;:&quot;3&quot;,&quot;lazyload&quot;:&quot;yes&quot;,&quot;space_between&quot;:{&quot;unit&quot;:&quot;px&quot;,&quot;size&quot;:35,&quot;sizes&quot;:[]},&quot;pagination&quot;:&quot;bullets&quot;,&quot;speed&quot;:500,&quot;space_between_tablet&quot;:{&quot;unit&quot;:&quot;px&quot;,&quot;size&quot;:10,&quot;sizes&quot;:[]},&quot;space_between_mobile&quot;:{&quot;unit&quot;:&quot;px&quot;,&quot;size&quot;:10,&quot;sizes&quot;:[]}}\" data-widget_type=\"testimonial-carousel.default\">\n\t\t\t\t\t\t\t\t\t\t<div class=\"elementor-main-swiper swiper\" role=\"region\" aria-roledescription=\"carousel\" aria-label=\"Slides\">\n\t\t\t\t<div class=\"swiper-wrapper\">\n\t\t\t\t\t\t\t\t\t\t\t<div class=\"swiper-slide\" role=\"group\" aria-roledescription=\"slide\">\n\t\t\t\t\t\t\t\t\t<div class=\"elementor-testimonial\">\n\t\t\t\t\t\t\t<div class=\"elementor-testimonial__content\">\n\t\t\t\t\t<div class=\"elementor-testimonial__text\">\n\t\t\t\t\t\tOur solutions have changed the way we think about waste management.\t\t\t\t\t<\/div>\n\t\t\t\t\t\t\t\t\t<\/div>\n\t\t\t\t\t\t<div class=\"elementor-testimonial__footer\">\n\t\t\t\t\t\t\t\t\t<div class=\"elementor-testimonial__image\">\n\t\t\t\t\t\t<img class=\"swiper-lazy\" data-src=\"https:\/\/reciklarna.si\/wp-content\/plugins\/elementor\/assets\/images\/placeholder.png\" alt=\"Janez Novak\">\n\t\t\t\t\t\t\t\t\t\t\t\t\t<div class=\"swiper-lazy-preloader\"><\/div>\n\t\t\t\t\t\t\t\t\t\t\t<\/div>\n\t\t\t\t\t\t\t\t<cite class=\"elementor-testimonial__cite\"><span class=\"elementor-testimonial__name\">John Novak<\/span><span class=\"elementor-testimonial__title\">Director, Green Industrial Systems<\/span><\/cite>\t\t\t<\/div>\n\t\t<\/div>\n\t\t\t\t\t\t\t\t<\/div>\n\t\t\t\t\t\t\t\t\t\t\t<div class=\"swiper-slide\" role=\"group\" aria-roledescription=\"slide\">\n\t\t\t\t\t\t\t\t\t<div class=\"elementor-testimonial\">\n\t\t\t\t\t\t\t<div class=\"elementor-testimonial__content\">\n\t\t\t\t\t<div class=\"elementor-testimonial__text\">\n\t\t\t\t\t\tThe recycling plant has brought us a completely new perspective on sustainable business.\t\t\t\t\t<\/div>\n\t\t\t\t\t\t\t\t\t<\/div>\n\t\t\t\t\t\t<div class=\"elementor-testimonial__footer\">\n\t\t\t\t\t\t\t\t\t<div class=\"elementor-testimonial__image\">\n\t\t\t\t\t\t<img class=\"swiper-lazy\" data-src=\"https:\/\/reciklarna.si\/wp-content\/plugins\/elementor\/assets\/images\/placeholder.png\" alt=\"Maja Kova\u010d\">\n\t\t\t\t\t\t\t\t\t\t\t\t\t<div class=\"swiper-lazy-preloader\"><\/div>\n\t\t\t\t\t\t\t\t\t\t\t<\/div>\n\t\t\t\t\t\t\t\t<cite class=\"elementor-testimonial__cite\"><span class=\"elementor-testimonial__name\">Maja Kovac<\/span><span class=\"elementor-testimonial__title\">Logistics Manager, Ecological Solutions Ltd.<\/span><\/cite>\t\t\t<\/div>\n\t\t<\/div>\n\t\t\t\t\t\t\t\t<\/div>\n\t\t\t\t\t\t\t\t\t\t\t<div class=\"swiper-slide\" role=\"group\" aria-roledescription=\"slide\">\n\t\t\t\t\t\t\t\t\t<div class=\"elementor-testimonial\">\n\t\t\t\t\t\t\t<div class=\"elementor-testimonial__content\">\n\t\t\t\t\t<div class=\"elementor-testimonial__text\">\n\t\t\t\t\t\tProfessional approach and innovative solutions that exceed expectations.\t\t\t\t\t<\/div>\n\t\t\t\t\t\t\t\t\t<\/div>\n\t\t\t\t\t\t<div class=\"elementor-testimonial__footer\">\n\t\t\t\t\t\t\t\t\t<div class=\"elementor-testimonial__image\">\n\t\t\t\t\t\t<img class=\"swiper-lazy\" data-src=\"https:\/\/reciklarna.si\/wp-content\/plugins\/elementor\/assets\/images\/placeholder.png\" alt=\"Peter \u0160truklj\">\n\t\t\t\t\t\t\t\t\t\t\t\t\t<div class=\"swiper-lazy-preloader\"><\/div>\n\t\t\t\t\t\t\t\t\t\t\t<\/div>\n\t\t\t\t\t\t\t\t<cite class=\"elementor-testimonial__cite\"><span class=\"elementor-testimonial__name\">Peter Struklj<\/span><span class=\"elementor-testimonial__title\">Purchasing Manager, Advanced Industry<\/span><\/cite>\t\t\t<\/div>\n\t\t<\/div>\n\t\t\t\t\t\t\t\t<\/div>\n\t\t\t\t\t\t\t\t\t<\/div>\n\t\t\t\t\t\t\t\t\t\t\t\t\t\t\t\t\t\t\t\t<div class=\"swiper-pagination\"><\/div>\n\t\t\t\t\t\t\t\t\t\t\t\t<\/div>\n\t\t\t\t\t\t\t\t<\/div>\n\t\t\t\t<\/div>\n\t\t\t\t<\/div>\n\t\t<div class=\"elementor-element elementor-element-5f070df e-flex e-con-boxed e-con e-parent\" data-id=\"5f070df\" data-element_type=\"container\" data-settings=\"{&quot;background_background&quot;:&quot;gradient&quot;}\">\n\t\t\t\t\t<div class=\"e-con-inner\">\n\t\t\t\t<div class=\"elementor-element elementor-element-1219def elementor-widget elementor-widget-heading\" data-id=\"1219def\" data-element_type=\"widget\" data-widget_type=\"heading.default\">\n\t\t\t\t\t<h2 class=\"elementor-heading-title elementor-size-default\">Let&#039;s become partners in sustainable development<\/h2>\t\t\t\t<\/div>\n\t\t\t\t<div class=\"elementor-element elementor-element-e5a4e75 elementor-widget elementor-widget-heading\" data-id=\"e5a4e75\" data-element_type=\"widget\" data-widget_type=\"heading.default\">\n\t\t\t\t\t<p class=\"elementor-heading-title elementor-size-default\">Together we can create a system that operates transparently and environmentally friendly, for a cleaner Slovenia and a sustainable future for the planet.<\/p>\t\t\t\t<\/div>\n\t\t\t\t<div class=\"elementor-element elementor-element-8749a0e elementor-widget elementor-widget-button\" data-id=\"8749a0e\" data-element_type=\"widget\" data-widget_type=\"button.default\">\n\t\t\t\t\t\t\t\t\t\t<a class=\"elementor-button elementor-button-link elementor-size-sm\" href=\"https:\/\/reciklarna.si\/en\/lokacije\/\">\n\t\t\t\t\t\t<span class=\"elementor-button-content-wrapper\">\n\t\t\t\t\t\t\t\t\t<span class=\"elementor-button-text\">See all locations<\/span>\n\t\t\t\t\t<\/span>\n\t\t\t\t\t<\/a>\n\t\t\t\t\t\t\t\t<\/div>\n\t\t\t\t\t<\/div>\n\t\t\t\t<\/div>\n\t\t\t\t<\/div>","protected":false},"excerpt":{"rendered":"<p>Re\u0161itve za ob\u010dine in komunalna podjetja Manj stro\u0161kov, ve\u010d recikliranih ton, zadovoljni prebivalci. Partner ob\u010din in komunalnih podjetji pri trajnostnem razvoju.\u2028Z ob\u010dinami in komunalnimi podjetji gradimo sisteme, ki so pregledni, u\u010dinkoviti in ljudem prijazni. Klju\u010dne storitve Prevzem in obdelava komunalnih odpadkov S sodobnimi postopki obdelave izlo\u010dimo koristne frakcije, preostanek pa pripravimo za energijsko predelavo ali [&hellip;]<\/p>","protected":false},"author":1,"featured_media":0,"parent":0,"menu_order":0,"comment_status":"closed","ping_status":"closed","template":"elementor_header_footer","meta":{"footnotes":""},"class_list":["post-529","page","type-page","status-publish","hentry"],"_links":{"self":[{"href":"https:\/\/reciklarna.si\/en\/wp-json\/wp\/v2\/pages\/529","targetHints":{"allow":["GET"]}}],"collection":[{"href":"https:\/\/reciklarna.si\/en\/wp-json\/wp\/v2\/pages"}],"about":[{"href":"https:\/\/reciklarna.si\/en\/wp-json\/wp\/v2\/types\/page"}],"author":[{"embeddable":true,"href":"https:\/\/reciklarna.si\/en\/wp-json\/wp\/v2\/users\/1"}],"replies":[{"embeddable":true,"href":"https:\/\/reciklarna.si\/en\/wp-json\/wp\/v2\/comments?post=529"}],"version-history":[{"count":0,"href":"https:\/\/reciklarna.si\/en\/wp-json\/wp\/v2\/pages\/529\/revisions"}],"wp:attachment":[{"href":"https:\/\/reciklarna.si\/en\/wp-json\/wp\/v2\/media?parent=529"}],"curies":[{"name":"wp","href":"https:\/\/api.w.org\/{rel}","templated":true}]}}