{"id":330,"date":"2025-11-25T22:23:55","date_gmt":"2025-11-25T22:23:55","guid":{"rendered":"https:\/\/reciklarna.si\/?page_id=330"},"modified":"2025-12-08T08:48:09","modified_gmt":"2025-12-08T07:48:09","slug":"resitve-za-podjetja","status":"publish","type":"page","link":"https:\/\/reciklarna.si\/en\/resitve-za-podjetja\/","title":{"rendered":"Business solutions"},"content":{"rendered":"<div data-elementor-type=\"wp-page\" data-elementor-id=\"330\" class=\"elementor elementor-330\" data-elementor-post-type=\"page\">\n\t\t\t\t<div class=\"elementor-element elementor-element-79bbb6a eco-card e-flex e-con-boxed e-con e-parent\" data-id=\"79bbb6a\" data-element_type=\"container\" data-settings=\"{&quot;background_background&quot;:&quot;gradient&quot;}\">\n\t\t\t\t\t<div class=\"e-con-inner\">\n\t\t<div class=\"elementor-element elementor-element-9e0d1e9 e-grid e-con-full e-con e-child\" data-id=\"9e0d1e9\" data-element_type=\"container\">\n\t\t\t\t<div class=\"elementor-element elementor-element-c7d2764 elementor-widget__width-initial elementor-widget elementor-widget-text-editor\" data-id=\"c7d2764\" data-element_type=\"widget\" data-widget_type=\"text-editor.default\">\n\t\t\t\t\t\t\t\t\t<h1 style=\"font-weight: 400; padding: 0; margin: 0;\">Solutions for <span style=\"color: #00ff80;\">companies<\/span><\/h1><h5>With us, every kilogram is traceable and<br \/>every process transparent.<\/h5>\t\t\t\t\t\t\t\t<\/div>\n\t\t\t\t<\/div>\n\t\t\t\t<div class=\"elementor-element elementor-element-a65b8ff elementor-position-right elementor-vertical-align-middle elementor-widget__width-initial elementor-position-right elementor-vertical-align-middle elementor-position-right elementor-widget elementor-widget-image-box\" data-id=\"a65b8ff\" data-element_type=\"widget\" data-widget_type=\"image-box.default\">\n\t\t\t\t\t<div class=\"elementor-image-box-wrapper\"><figure class=\"elementor-image-box-img\"><img decoding=\"async\" width=\"102\" height=\"102\" src=\"https:\/\/reciklarna.si\/wp-content\/uploads\/2025\/11\/Podjetja.svg\" class=\"attachment-full size-full wp-image-350\" alt=\"\" loading=\"lazy\" \/><\/figure><div class=\"elementor-image-box-content\"><p class=\"elementor-image-box-description\">A reliable partner for the circular economy. We offer comprehensive solutions for non-hazardous waste management - from collection to reporting. Our technology and certifications ensure compliance with legislation and full traceability.<\/p><\/div><\/div>\t\t\t\t<\/div>\n\t\t\t\t\t<\/div>\n\t\t\t\t<\/div>\n\t\t<div class=\"elementor-element elementor-element-0147f70 e-flex e-con-boxed e-con e-parent\" data-id=\"0147f70\" data-element_type=\"container\" data-settings=\"{&quot;background_background&quot;:&quot;gradient&quot;}\">\n\t\t\t\t\t<div class=\"e-con-inner\">\n\t\t\t\t<div class=\"elementor-element elementor-element-8c74be8 elementor-position-left elementor-vertical-align-middle elementor-widget__width-initial elementor-position-left elementor-vertical-align-middle elementor-widget elementor-widget-image-box\" data-id=\"8c74be8\" data-element_type=\"widget\" data-widget_type=\"image-box.default\">\n\t\t\t\t\t<div class=\"elementor-image-box-wrapper\"><figure class=\"elementor-image-box-img\"><img decoding=\"async\" width=\"47\" height=\"47\" src=\"https:\/\/reciklarna.si\/wp-content\/uploads\/2025\/11\/Vector-10.svg\" class=\"attachment-full size-full wp-image-400\" alt=\"\" loading=\"lazy\" \/><\/figure><div class=\"elementor-image-box-content\"><h2 class=\"elementor-image-box-title\">Key services<\/h2><\/div><\/div>\t\t\t\t<\/div>\n\t\t<div class=\"elementor-element elementor-element-b8a5c52 e-grid e-con-full e-con e-child\" data-id=\"b8a5c52\" data-element_type=\"container\">\n\t\t\t\t<div class=\"elementor-element elementor-element-5050f14 elementor-widget elementor-widget-image-box\" data-id=\"5050f14\" data-element_type=\"widget\" data-widget_type=\"image-box.default\">\n\t\t\t\t\t<div class=\"elementor-image-box-wrapper\"><div class=\"elementor-image-box-content\"><h3 class=\"elementor-image-box-title\"><a href=\"#\">Sorting for maximum recycling<\/a><\/h3><p class=\"elementor-image-box-description\">We increase the purity of fractions and the yield of recyclables for further processing. We perform mechanical and manual sorting, quality control and traceability of sorted fractions.<br>\n<span style=\"color: #00A1F7\"><strong>Result:<\/strong><\/span> purity of sorted fractions and higher value of waste raw materials.<\/p><\/div><\/div>\t\t\t\t<\/div>\n\t\t\t\t<div class=\"elementor-element elementor-element-2b224d5 elementor-widget elementor-widget-image-box\" data-id=\"2b224d5\" data-element_type=\"widget\" data-widget_type=\"image-box.default\">\n\t\t\t\t\t<div class=\"elementor-image-box-wrapper\"><div class=\"elementor-image-box-content\"><h3 class=\"elementor-image-box-title\"><a href=\"#\">Consulting and regulatory compliance<\/a><\/h3><p class=\"elementor-image-box-description\">A comprehensive waste management solution that covers the entire process from source to final treatment. It includes accurate waste classification, optimization of administrative procedures, and ensuring compliance with all legal requirements.<br>\n<span style=\"color: #00A1F7\"><strong>Result:<\/strong><\/span> less administration, more control and clear savings.<\/p><\/div><\/div>\t\t\t\t<\/div>\n\t\t\t\t<div class=\"elementor-element elementor-element-07c472d elementor-widget elementor-widget-image-box\" data-id=\"07c472d\" data-element_type=\"widget\" data-widget_type=\"image-box.default\">\n\t\t\t\t\t<div class=\"elementor-image-box-wrapper\"><div class=\"elementor-image-box-content\"><h3 class=\"elementor-image-box-title\"><a href=\"#\">Energy utilization of waste<\/a><\/h3><p class=\"elementor-image-box-description\">We provide reliable energy recovery for waste that cannot be recycled.\n<br>\n<span style=\"color: #00A1F7\"><strong>Result:<\/strong><\/span> closing the loop and reducing the environmental footprint.<\/p><\/div><\/div>\t\t\t\t<\/div>\n\t\t\t\t<div class=\"elementor-element elementor-element-2f20314 elementor-widget elementor-widget-image-box\" data-id=\"2f20314\" data-element_type=\"widget\" data-widget_type=\"image-box.default\">\n\t\t\t\t\t<div class=\"elementor-image-box-wrapper\"><div class=\"elementor-image-box-content\"><h3 class=\"elementor-image-box-title\"><a href=\"#\">Waste collection, transport and processing<\/a><\/h3><p class=\"elementor-image-box-description\">Reciklarna ensures reliable collection of waste on site and collection of separated fractions, equipped with appropriate transport packaging.<br>\n<span style=\"color: #00A1F7\"><strong>Result:<\/strong><\/span> fewer internal tasks, fewer transports, lower costs.<\/p><\/div><\/div>\t\t\t\t<\/div>\n\t\t\t\t<div class=\"elementor-element elementor-element-59de216 elementor-widget elementor-widget-image-box\" data-id=\"59de216\" data-element_type=\"widget\" data-widget_type=\"image-box.default\">\n\t\t\t\t\t<div class=\"elementor-image-box-wrapper\"><div class=\"elementor-image-box-content\"><h3 class=\"elementor-image-box-title\"><a href=\"#\">Top secret: secure destruction of documents and data<\/a><\/h3><p class=\"elementor-image-box-description\">We ensure secure and traceable destruction of sensitive and confidential data.\n<br>\n<span style=\"color: #00A1F7\"><strong>Result:<\/strong><\/span> complete safety and closing the loop by preparing paper for further processing.<\/p><\/div><\/div>\t\t\t\t<\/div>\n\t\t\t\t<\/div>\n\t\t\t\t\t<\/div>\n\t\t\t\t<\/div>\n\t\t<div class=\"elementor-element elementor-element-ba7e721 e-flex e-con-boxed e-con e-parent\" data-id=\"ba7e721\" data-element_type=\"container\" data-settings=\"{&quot;background_background&quot;:&quot;gradient&quot;}\">\n\t\t\t\t\t<div class=\"e-con-inner\">\n\t\t\t\t<div class=\"elementor-element elementor-element-aa3f196 elementor-vertical-align-top elementor-widget elementor-widget-image-box\" data-id=\"aa3f196\" data-element_type=\"widget\" data-widget_type=\"image-box.default\">\n\t\t\t\t\t<div class=\"elementor-image-box-wrapper\"><div class=\"elementor-image-box-content\"><h2 class=\"elementor-image-box-title\">How does cooperation work?<\/h2><\/div><\/div>\t\t\t\t<\/div>\n\t\t<div class=\"elementor-element elementor-element-fe8f49c e-grid e-con-full e-con e-child\" data-id=\"fe8f49c\" data-element_type=\"container\">\n\t\t<div class=\"elementor-element elementor-element-6661f92 e-con-full e-flex e-con e-child\" data-id=\"6661f92\" data-element_type=\"container\">\n\t\t\t\t<div class=\"elementor-element elementor-element-984c2d2 elementor-position-left elementor-vertical-align-middle elementor-widget__width-inherit elementor-position-left elementor-vertical-align-middle elementor-widget elementor-widget-image-box\" data-id=\"984c2d2\" data-element_type=\"widget\" data-widget_type=\"image-box.default\">\n\t\t\t\t\t<div class=\"elementor-image-box-wrapper\"><figure class=\"elementor-image-box-img\"><img decoding=\"async\" width=\"47\" height=\"47\" src=\"https:\/\/reciklarna.si\/wp-content\/uploads\/2025\/11\/Vector-10.svg\" class=\"attachment-full size-full wp-image-400\" alt=\"\" loading=\"lazy\" \/><\/figure><div class=\"elementor-image-box-content\"><h5 class=\"elementor-image-box-title\">Situation analysis<\/h5><p class=\"elementor-image-box-description\">We carry out precise waste classification, review administrative procedures and verify compliance with all legal requirements.<\/p><\/div><\/div>\t\t\t\t<\/div>\n\t\t\t\t<div class=\"elementor-element elementor-element-e440087 elementor-position-left elementor-vertical-align-middle elementor-widget__width-inherit elementor-position-left elementor-vertical-align-middle elementor-widget elementor-widget-image-box\" data-id=\"e440087\" data-element_type=\"widget\" data-widget_type=\"image-box.default\">\n\t\t\t\t\t<div class=\"elementor-image-box-wrapper\"><figure class=\"elementor-image-box-img\"><img decoding=\"async\" width=\"47\" height=\"47\" src=\"https:\/\/reciklarna.si\/wp-content\/uploads\/2025\/11\/Vector-10.svg\" class=\"attachment-full size-full wp-image-400\" alt=\"\" loading=\"lazy\" \/><\/figure><div class=\"elementor-image-box-content\"><h5 class=\"elementor-image-box-title\">Solution plan<\/h5><p class=\"elementor-image-box-description\">It includes logistics, providing appropriate containers for separate waste collection, preparing waste materials for recycling, and accurate record keeping.<\/p><\/div><\/div>\t\t\t\t<\/div>\n\t\t\t\t<div class=\"elementor-element elementor-element-9cde3db elementor-position-left elementor-vertical-align-middle elementor-widget__width-inherit elementor-position-left elementor-vertical-align-middle elementor-widget elementor-widget-image-box\" data-id=\"9cde3db\" data-element_type=\"widget\" data-widget_type=\"image-box.default\">\n\t\t\t\t\t<div class=\"elementor-image-box-wrapper\"><figure class=\"elementor-image-box-img\"><img decoding=\"async\" width=\"47\" height=\"47\" src=\"https:\/\/reciklarna.si\/wp-content\/uploads\/2025\/11\/Vector-10.svg\" class=\"attachment-full size-full wp-image-400\" alt=\"\" loading=\"lazy\" \/><\/figure><div class=\"elementor-image-box-content\"><h5 class=\"elementor-image-box-title\">Implementation<\/h5><p class=\"elementor-image-box-description\">It includes professional advice on establishing a proper and efficient waste management system and constant supervision of the implementation of procedures, ensuring consistency, traceability and ongoing compliance with legislation.<\/p><\/div><\/div>\t\t\t\t<\/div>\n\t\t\t\t<div class=\"elementor-element elementor-element-15237ff elementor-position-left elementor-vertical-align-middle elementor-widget__width-inherit elementor-position-left elementor-vertical-align-middle elementor-widget elementor-widget-image-box\" data-id=\"15237ff\" data-element_type=\"widget\" data-widget_type=\"image-box.default\">\n\t\t\t\t\t<div class=\"elementor-image-box-wrapper\"><figure class=\"elementor-image-box-img\"><img decoding=\"async\" width=\"47\" height=\"47\" src=\"https:\/\/reciklarna.si\/wp-content\/uploads\/2025\/11\/Vector-10.svg\" class=\"attachment-full size-full wp-image-400\" alt=\"\" loading=\"lazy\" \/><\/figure><div class=\"elementor-image-box-content\"><h5 class=\"elementor-image-box-title\">Measurement and optimization<\/h5><p class=\"elementor-image-box-description\">Monthly performance indicators (KPIs), savings achieved and increase in recyclability rates.<\/p><\/div><\/div>\t\t\t\t<\/div>\n\t\t\t\t<\/div>\n\t\t\t\t<div class=\"elementor-element elementor-element-0a4f29b elementor-widget elementor-widget-image\" data-id=\"0a4f29b\" data-element_type=\"widget\" data-widget_type=\"image.default\">\n\t\t\t\t\t\t\t\t\t\t\t\t\t\t\t<img decoding=\"async\" src=\"https:\/\/reciklarna.si\/wp-content\/smush-webp\/2025\/11\/fda69e281a8cda9623796d6b713506eb1ba594f8.jpg.webp\" title=\"fda69e281a8cda9623796d6b713506eb1ba594f8\" alt=\"fda69e281a8cda9623796d6b713506eb1ba594f8\" loading=\"lazy\" width=\"1200\" class=\"smush-dimensions\" style=\"--smush-image-width: 1200px; --smush-image-aspect-ratio: 1200\/1580;\" srcset=\"https:\/\/reciklarna.si\/wp-content\/smush-webp\/2025\/11\/fda69e281a8cda9623796d6b713506eb1ba594f8.jpg.webp 1200w, https:\/\/reciklarna.si\/wp-content\/smush-webp\/2025\/11\/fda69e281a8cda9623796d6b713506eb1ba594f8-228x300.jpg.webp 228w, https:\/\/reciklarna.si\/wp-content\/smush-webp\/2025\/11\/fda69e281a8cda9623796d6b713506eb1ba594f8-778x1024.jpg.webp 778w, https:\/\/reciklarna.si\/wp-content\/smush-webp\/2025\/11\/fda69e281a8cda9623796d6b713506eb1ba594f8-768x1011.jpg.webp 768w, https:\/\/reciklarna.si\/wp-content\/smush-webp\/2025\/11\/fda69e281a8cda9623796d6b713506eb1ba594f8-1167x1536.jpg.webp 1167w\" sizes=\"auto, (max-width: 1200px) 100vw, 1200px\" data-smush-webp-fallback=\"{&quot;src&quot;:&quot;https:\\\/\\\/reciklarna.si\\\/wp-content\\\/uploads\\\/2025\\\/11\\\/fda69e281a8cda9623796d6b713506eb1ba594f8.jpg&quot;,&quot;srcset&quot;:&quot;https:\\\/\\\/reciklarna.si\\\/wp-content\\\/uploads\\\/2025\\\/11\\\/fda69e281a8cda9623796d6b713506eb1ba594f8.jpg 1200w, https:\\\/\\\/reciklarna.si\\\/wp-content\\\/uploads\\\/2025\\\/11\\\/fda69e281a8cda9623796d6b713506eb1ba594f8-228x300.jpg 228w, https:\\\/\\\/reciklarna.si\\\/wp-content\\\/uploads\\\/2025\\\/11\\\/fda69e281a8cda9623796d6b713506eb1ba594f8-778x1024.jpg 778w, https:\\\/\\\/reciklarna.si\\\/wp-content\\\/uploads\\\/2025\\\/11\\\/fda69e281a8cda9623796d6b713506eb1ba594f8-768x1011.jpg 768w, https:\\\/\\\/reciklarna.si\\\/wp-content\\\/uploads\\\/2025\\\/11\\\/fda69e281a8cda9623796d6b713506eb1ba594f8-1167x1536.jpg 1167w&quot;}\" \/>\t\t\t\t\t\t\t\t\t\t\t\t\t\t\t<\/div>\n\t\t\t\t<\/div>\n\t\t\t\t\t<\/div>\n\t\t\t\t<\/div>\n\t\t<div class=\"elementor-element elementor-element-d642167 e-con-full elementor-hidden-desktop elementor-hidden-tablet elementor-hidden-mobile e-flex e-con e-parent\" data-id=\"d642167\" data-element_type=\"container\">\n\t\t\t\t<div class=\"elementor-element elementor-element-1f6c01f elementor-widget elementor-widget-heading\" data-id=\"1f6c01f\" data-element_type=\"widget\" data-widget_type=\"heading.default\">\n\t\t\t\t\t<h2 class=\"elementor-heading-title elementor-size-default\">Satisfied partners<\/h2>\t\t\t\t<\/div>\n\t\t\t\t<div class=\"elementor-element elementor-element-d961e42 elementor-widget elementor-widget-heading\" data-id=\"d961e42\" data-element_type=\"widget\" data-widget_type=\"heading.default\">\n\t\t\t\t\t<p class=\"elementor-heading-title elementor-size-default\">The trust we build with every project<\/p>\t\t\t\t<\/div>\n\t\t<div class=\"elementor-element elementor-element-fe82381 e-grid e-con-full e-con e-child\" data-id=\"fe82381\" data-element_type=\"container\">\n\t\t\t\t<div class=\"elementor-element elementor-element-fcee93f elementor-testimonial--align-left elementor-testimonial--skin-default elementor-testimonial--layout-image_inline elementor-pagination-type-bullets elementor-widget elementor-widget-testimonial-carousel\" data-id=\"fcee93f\" data-element_type=\"widget\" data-settings=\"{&quot;slides_per_view&quot;:&quot;3&quot;,&quot;lazyload&quot;:&quot;yes&quot;,&quot;space_between&quot;:{&quot;unit&quot;:&quot;px&quot;,&quot;size&quot;:35,&quot;sizes&quot;:[]},&quot;pagination&quot;:&quot;bullets&quot;,&quot;speed&quot;:500,&quot;space_between_tablet&quot;:{&quot;unit&quot;:&quot;px&quot;,&quot;size&quot;:10,&quot;sizes&quot;:[]},&quot;space_between_mobile&quot;:{&quot;unit&quot;:&quot;px&quot;,&quot;size&quot;:10,&quot;sizes&quot;:[]}}\" data-widget_type=\"testimonial-carousel.default\">\n\t\t\t\t\t\t\t\t\t\t<div class=\"elementor-main-swiper swiper\" role=\"region\" aria-roledescription=\"carousel\" aria-label=\"Slides\">\n\t\t\t\t<div class=\"swiper-wrapper\">\n\t\t\t\t\t\t\t\t\t\t\t<div class=\"swiper-slide\" role=\"group\" aria-roledescription=\"slide\">\n\t\t\t\t\t\t\t\t\t<div class=\"elementor-testimonial\">\n\t\t\t\t\t\t\t<div class=\"elementor-testimonial__content\">\n\t\t\t\t\t<div class=\"elementor-testimonial__text\">\n\t\t\t\t\t\tOur solutions have changed the way we think about waste management.\t\t\t\t\t<\/div>\n\t\t\t\t\t\t\t\t\t<\/div>\n\t\t\t\t\t\t<div class=\"elementor-testimonial__footer\">\n\t\t\t\t\t\t\t\t\t<div class=\"elementor-testimonial__image\">\n\t\t\t\t\t\t<img class=\"swiper-lazy\" data-src=\"https:\/\/reciklarna.si\/wp-content\/plugins\/elementor\/assets\/images\/placeholder.png\" alt=\"Janez Novak\">\n\t\t\t\t\t\t\t\t\t\t\t\t\t<div class=\"swiper-lazy-preloader\"><\/div>\n\t\t\t\t\t\t\t\t\t\t\t<\/div>\n\t\t\t\t\t\t\t\t<cite class=\"elementor-testimonial__cite\"><span class=\"elementor-testimonial__name\">John Novak<\/span><span class=\"elementor-testimonial__title\">Director, Green Industrial Systems<\/span><\/cite>\t\t\t<\/div>\n\t\t<\/div>\n\t\t\t\t\t\t\t\t<\/div>\n\t\t\t\t\t\t\t\t\t\t\t<div class=\"swiper-slide\" role=\"group\" aria-roledescription=\"slide\">\n\t\t\t\t\t\t\t\t\t<div class=\"elementor-testimonial\">\n\t\t\t\t\t\t\t<div class=\"elementor-testimonial__content\">\n\t\t\t\t\t<div class=\"elementor-testimonial__text\">\n\t\t\t\t\t\tThe recycling plant has brought us a completely new perspective on sustainable business.\t\t\t\t\t<\/div>\n\t\t\t\t\t\t\t\t\t<\/div>\n\t\t\t\t\t\t<div class=\"elementor-testimonial__footer\">\n\t\t\t\t\t\t\t\t\t<div class=\"elementor-testimonial__image\">\n\t\t\t\t\t\t<img class=\"swiper-lazy\" data-src=\"https:\/\/reciklarna.si\/wp-content\/plugins\/elementor\/assets\/images\/placeholder.png\" alt=\"Maja Kova\u010d\">\n\t\t\t\t\t\t\t\t\t\t\t\t\t<div class=\"swiper-lazy-preloader\"><\/div>\n\t\t\t\t\t\t\t\t\t\t\t<\/div>\n\t\t\t\t\t\t\t\t<cite class=\"elementor-testimonial__cite\"><span class=\"elementor-testimonial__name\">Maja Kovac<\/span><span class=\"elementor-testimonial__title\">Logistics Manager, Ecological Solutions Ltd.<\/span><\/cite>\t\t\t<\/div>\n\t\t<\/div>\n\t\t\t\t\t\t\t\t<\/div>\n\t\t\t\t\t\t\t\t\t\t\t<div class=\"swiper-slide\" role=\"group\" aria-roledescription=\"slide\">\n\t\t\t\t\t\t\t\t\t<div class=\"elementor-testimonial\">\n\t\t\t\t\t\t\t<div class=\"elementor-testimonial__content\">\n\t\t\t\t\t<div class=\"elementor-testimonial__text\">\n\t\t\t\t\t\tProfessional approach and innovative solutions that exceed expectations.\t\t\t\t\t<\/div>\n\t\t\t\t\t\t\t\t\t<\/div>\n\t\t\t\t\t\t<div class=\"elementor-testimonial__footer\">\n\t\t\t\t\t\t\t\t\t<div class=\"elementor-testimonial__image\">\n\t\t\t\t\t\t<img class=\"swiper-lazy\" data-src=\"https:\/\/reciklarna.si\/wp-content\/plugins\/elementor\/assets\/images\/placeholder.png\" alt=\"Peter \u0160truklj\">\n\t\t\t\t\t\t\t\t\t\t\t\t\t<div class=\"swiper-lazy-preloader\"><\/div>\n\t\t\t\t\t\t\t\t\t\t\t<\/div>\n\t\t\t\t\t\t\t\t<cite class=\"elementor-testimonial__cite\"><span class=\"elementor-testimonial__name\">Peter Struklj<\/span><span class=\"elementor-testimonial__title\">Purchasing Manager, Advanced Industry<\/span><\/cite>\t\t\t<\/div>\n\t\t<\/div>\n\t\t\t\t\t\t\t\t<\/div>\n\t\t\t\t\t\t\t\t\t<\/div>\n\t\t\t\t\t\t\t\t\t\t\t\t\t\t\t\t\t\t\t\t<div class=\"swiper-pagination\"><\/div>\n\t\t\t\t\t\t\t\t\t\t\t\t<\/div>\n\t\t\t\t\t\t\t\t<\/div>\n\t\t\t\t<\/div>\n\t\t\t\t<\/div>\n\t\t<div class=\"elementor-element elementor-element-ebb1091 e-flex e-con-boxed e-con e-parent\" data-id=\"ebb1091\" data-element_type=\"container\" data-settings=\"{&quot;background_background&quot;:&quot;gradient&quot;}\">\n\t\t\t\t\t<div class=\"e-con-inner\">\n\t\t\t\t<div class=\"elementor-element elementor-element-2e20010 elementor-widget elementor-widget-heading\" data-id=\"2e20010\" data-element_type=\"widget\" data-widget_type=\"heading.default\">\n\t\t\t\t\t<h2 class=\"elementor-heading-title elementor-size-default\">Let&#039;s become partners in sustainable development<\/h2>\t\t\t\t<\/div>\n\t\t\t\t<div class=\"elementor-element elementor-element-ea42e45 elementor-widget elementor-widget-heading\" data-id=\"ea42e45\" data-element_type=\"widget\" data-widget_type=\"heading.default\">\n\t\t\t\t\t<p class=\"elementor-heading-title elementor-size-default\">Together we can create a system that operates transparently and environmentally friendly, for a cleaner Slovenia and a sustainable future for the planet.<\/p>\t\t\t\t<\/div>\n\t\t\t\t<div class=\"elementor-element elementor-element-7263f36 elementor-widget elementor-widget-button\" data-id=\"7263f36\" data-element_type=\"widget\" data-widget_type=\"button.default\">\n\t\t\t\t\t\t\t\t\t\t<a class=\"elementor-button elementor-button-link elementor-size-sm\" href=\"https:\/\/reciklarna.si\/en\/lokacije\/\">\n\t\t\t\t\t\t<span class=\"elementor-button-content-wrapper\">\n\t\t\t\t\t\t\t\t\t<span class=\"elementor-button-text\">See all locations<\/span>\n\t\t\t\t\t<\/span>\n\t\t\t\t\t<\/a>\n\t\t\t\t\t\t\t\t<\/div>\n\t\t\t\t\t<\/div>\n\t\t\t\t<\/div>\n\t\t\t\t<\/div>","protected":false},"excerpt":{"rendered":"<p>Re\u0161itve za podjetja Z nami je vsak kilogram sledljiv invsak proces transparenten. Zanesljiv partner za kro\u017eno gospodarstvo. Nudimo celovite re\u0161itve za ravnanje z nenevarnimi odpadki \u2013 od prevzema do poro\u010danja. Na\u0161a tehnologija in certifikati zagotavljajo skladnost z zakonodajo ter popolno sledljivost. Klju\u010dne storitve Sortiranje za maksimalno recikliranje Pove\u010damo \u010distost frakcij in izplen reciklatov za nadaljnjo [&hellip;]<\/p>","protected":false},"author":1,"featured_media":0,"parent":0,"menu_order":0,"comment_status":"closed","ping_status":"closed","template":"elementor_header_footer","meta":{"footnotes":""},"class_list":["post-330","page","type-page","status-publish","hentry"],"_links":{"self":[{"href":"https:\/\/reciklarna.si\/en\/wp-json\/wp\/v2\/pages\/330","targetHints":{"allow":["GET"]}}],"collection":[{"href":"https:\/\/reciklarna.si\/en\/wp-json\/wp\/v2\/pages"}],"about":[{"href":"https:\/\/reciklarna.si\/en\/wp-json\/wp\/v2\/types\/page"}],"author":[{"embeddable":true,"href":"https:\/\/reciklarna.si\/en\/wp-json\/wp\/v2\/users\/1"}],"replies":[{"embeddable":true,"href":"https:\/\/reciklarna.si\/en\/wp-json\/wp\/v2\/comments?post=330"}],"version-history":[{"count":0,"href":"https:\/\/reciklarna.si\/en\/wp-json\/wp\/v2\/pages\/330\/revisions"}],"wp:attachment":[{"href":"https:\/\/reciklarna.si\/en\/wp-json\/wp\/v2\/media?parent=330"}],"curies":[{"name":"wp","href":"https:\/\/api.w.org\/{rel}","templated":true}]}}